{"id":72,"date":"2017-05-18T18:54:12","date_gmt":"2017-05-18T17:54:12","guid":{"rendered":"http:\/\/asterisk.ffzg.unizg.hr\/?page_id=72"},"modified":"2025-12-06T12:11:16","modified_gmt":"2025-12-06T11:11:16","slug":"mentorstvo","status":"publish","type":"page","link":"https:\/\/asterisk.ffzg.unizg.hr\/?page_id=72","title":{"rendered":"Mentorstvo"},"content":{"rendered":"<p style=\"text-align: justify;\">Dobro nam do\u0161li, bruco\u0161i!<\/p>\n<p style=\"text-align: justify;\">Program mentorstva namijenjen je bruco\u0161ima lingvistike koje se povezuje sa studentima vi\u0161ih godina te im se tako poku\u0161ava olak\u0161ati snala\u017eenje na Fakultetu. Bruco\u0161i koji se prijave za ovaj program dobit \u0107e svojeg \u00a0mentora koji \u0107e im prenijeti\u00a0 informacije o kolegijima, funkcioniranju Fakulteta, studentskom \u017eivotu i o svemu \u0161to bruco\u0161e u hodu bude mu\u010dilo. Mentori osim pomaganja drugima ovim putem mogu razvijati svoje komunikacijske vje\u0161tine i ste\u0107i nova poznanstva me\u0111u mla\u0111im kolegama.<\/p>\n<p style=\"text-align: justify;\">Prijave se obavljaju elektroni\u010dki, ispunjavanjem obrasca za prijavu u koje je potrebno upisati smjer i ostale osnovne podatke.<\/p>\n<p>Program mentorstva je trenutno pod obnovom!<\/p>\n","protected":false},"excerpt":{"rendered":"<p>Dobro nam do\u0161li, bruco\u0161i! Program mentorstva namijenjen je bruco\u0161ima lingvistike koje se povezuje sa studentima vi\u0161ih godina te im se tako poku\u0161ava olak\u0161ati snala\u017eenje na Fakultetu. Bruco\u0161i koji se prijave za ovaj program dobit \u0107e svojeg \u00a0mentora koji \u0107e im prenijeti\u00a0 informacije o kolegijima, funkcioniranju Fakulteta, studentskom \u017eivotu i o svemu \u0161to bruco\u0161e u hodu &hellip; <a href=\"https:\/\/asterisk.ffzg.unizg.hr\/?page_id=72\" class=\"more-link\">Nastavi \u010ditati <span class=\"screen-reader-text\">Mentorstvo<\/span> <span class=\"meta-nav\">&rarr;<\/span><\/a><\/p>\n","protected":false},"author":2,"featured_media":0,"parent":0,"menu_order":0,"comment_status":"closed","ping_status":"closed","template":"","meta":{"_monsterinsights_skip_tracking":false,"_monsterinsights_sitenote_active":false,"_monsterinsights_sitenote_note":"","_monsterinsights_sitenote_category":0,"footnotes":""},"class_list":["post-72","page","type-page","status-publish","hentry"],"_links":{"self":[{"href":"https:\/\/asterisk.ffzg.unizg.hr\/index.php?rest_route=\/wp\/v2\/pages\/72","targetHints":{"allow":["GET"]}}],"collection":[{"href":"https:\/\/asterisk.ffzg.unizg.hr\/index.php?rest_route=\/wp\/v2\/pages"}],"about":[{"href":"https:\/\/asterisk.ffzg.unizg.hr\/index.php?rest_route=\/wp\/v2\/types\/page"}],"author":[{"embeddable":true,"href":"https:\/\/asterisk.ffzg.unizg.hr\/index.php?rest_route=\/wp\/v2\/users\/2"}],"replies":[{"embeddable":true,"href":"https:\/\/asterisk.ffzg.unizg.hr\/index.php?rest_route=%2Fwp%2Fv2%2Fcomments&post=72"}],"version-history":[{"count":9,"href":"https:\/\/asterisk.ffzg.unizg.hr\/index.php?rest_route=\/wp\/v2\/pages\/72\/revisions"}],"predecessor-version":[{"id":280,"href":"https:\/\/asterisk.ffzg.unizg.hr\/index.php?rest_route=\/wp\/v2\/pages\/72\/revisions\/280"}],"wp:attachment":[{"href":"https:\/\/asterisk.ffzg.unizg.hr\/index.php?rest_route=%2Fwp%2Fv2%2Fmedia&parent=72"}],"curies":[{"name":"wp","href":"https:\/\/api.w.org\/{rel}","templated":true}]}}