{"id":68,"date":"2017-05-18T18:53:10","date_gmt":"2017-05-18T17:53:10","guid":{"rendered":"http:\/\/asterisk.ffzg.unizg.hr\/?page_id=68"},"modified":"2024-03-10T10:39:49","modified_gmt":"2024-03-10T09:39:49","slug":"clanstvo","status":"publish","type":"page","link":"https:\/\/asterisk.ffzg.unizg.hr\/?page_id=68","title":{"rendered":"\u010clanstvo"},"content":{"rendered":"<p>\u010clanovi se dijele na redovite, izvanredne, po\u010dasne i alumne.<\/p>\n<ul>\n<li style=\"text-align: justify;\"><strong>Redovitim \u010dlanom<\/strong> Udruge mo\u017ee postati svaki student preddiplomskog i diplomskog studija lingvistike na Filozofskom fakultetu Sveu\u010dili\u0161ta u Zagrebu.<br \/>\nRedoviti \u010dlanovi Udruge sudjeluju u radu udruge, imaju pravo glasa u Skup\u0161tini te mogu birati i biti birani u tijela udruge. Redoviti \u010dlanovi du\u017eni su pla\u0107ati \u010dlanarinu u visini koju odredi Skup\u0161tina.<\/li>\n<li style=\"text-align: justify;\"><strong>Izvanrednim \u010dlanom<\/strong>\u00a0kluba mo\u017ee postati svaki student svih ostalih preddiplomskih, diplomskih i poslijediplomskih studija na Filozofskom fakultetu Sveu\u010dili\u0161ta u Zagrebu, kao i studenti svih ostalih preddiplomskih, diplomskih i poslijediplomskih studija na drugim fakultetima u Hrvatskoj i inozemstvu.<br \/>\nIzvanredni \u010dlanovi Udruge sudjeluju u radu Udruge, no nemaju pravo glasa u Skup\u0161tini te nemaju pravo birati i biti birani u tijela udruge.<\/li>\n<li style=\"text-align: justify;\"><strong>Po\u010dasnim \u010dlanom<\/strong> udruge mo\u017ee postati osoba koja je zna\u010dajno pridonijela radu udruge (profesor, znanstvenik, ili bilo koja druga fizi\u010dka ili pravna osoba), uz suglasnost skup\u0161tine.<br \/>\nPo\u010dasni \u010dlanovi sudjeluju u radu udruge, no nemaju pravo glasa u skup\u0161tini te nemaju pravo birati i biti birani u tijela udruge.<\/li>\n<li style=\"text-align: justify;\"><strong>Alumnima<\/strong> se progla\u0161avaju svi biv\u0161i redoviti \u010dlanovi udruge, a alumnima tako\u0111er mogu postati svaki prvostupnik ili magistar lingvistike na Filozofskom fakultetu Sveu\u010dili\u0161ta u Zagrebu koji prethodno nisu bili redoviti \u010dlanovi udruge, a predlo\u017eila ih je i odobrila skup\u0161tina.<br \/>\nAlumni sudjeluju u radu udruge, no nemaju pravo glasa u skup\u0161tini te nemaju pravo birati i biti birani u tijela udruge.<\/li>\n<\/ul>\n<p>Od 2024. godine ukinuta je \u010dlanarina. Smatramo da svaki student treba mo\u0107i besplatno sudjelovati u radu kluba te nemamo namjeru vratiti \u010dlanarinu!<\/p>\n<p>Poveznica na upisnicu je <a href=\"http:\/\/asterisk.ffzg.unizg.hr\/wp-content\/uploads\/2017\/05\/Upisnica2.pdf\">ovdje<\/a>.<\/p>\n","protected":false},"excerpt":{"rendered":"<p>\u010clanovi se dijele na redovite, izvanredne, po\u010dasne i alumne. Redovitim \u010dlanom Udruge mo\u017ee postati svaki student preddiplomskog i diplomskog studija lingvistike na Filozofskom fakultetu Sveu\u010dili\u0161ta u Zagrebu. Redoviti \u010dlanovi Udruge sudjeluju u radu udruge, imaju pravo glasa u Skup\u0161tini te mogu birati i biti birani u tijela udruge. Redoviti \u010dlanovi du\u017eni su pla\u0107ati \u010dlanarinu u &hellip; <a href=\"https:\/\/asterisk.ffzg.unizg.hr\/?page_id=68\" class=\"more-link\">Nastavi \u010ditati <span class=\"screen-reader-text\">\u010clanstvo<\/span> <span class=\"meta-nav\">&rarr;<\/span><\/a><\/p>\n","protected":false},"author":2,"featured_media":0,"parent":0,"menu_order":0,"comment_status":"closed","ping_status":"closed","template":"","meta":{"_monsterinsights_skip_tracking":false,"_monsterinsights_sitenote_active":false,"_monsterinsights_sitenote_note":"","_monsterinsights_sitenote_category":0,"footnotes":""},"class_list":["post-68","page","type-page","status-publish","hentry"],"_links":{"self":[{"href":"https:\/\/asterisk.ffzg.unizg.hr\/index.php?rest_route=\/wp\/v2\/pages\/68","targetHints":{"allow":["GET"]}}],"collection":[{"href":"https:\/\/asterisk.ffzg.unizg.hr\/index.php?rest_route=\/wp\/v2\/pages"}],"about":[{"href":"https:\/\/asterisk.ffzg.unizg.hr\/index.php?rest_route=\/wp\/v2\/types\/page"}],"author":[{"embeddable":true,"href":"https:\/\/asterisk.ffzg.unizg.hr\/index.php?rest_route=\/wp\/v2\/users\/2"}],"replies":[{"embeddable":true,"href":"https:\/\/asterisk.ffzg.unizg.hr\/index.php?rest_route=%2Fwp%2Fv2%2Fcomments&post=68"}],"version-history":[{"count":7,"href":"https:\/\/asterisk.ffzg.unizg.hr\/index.php?rest_route=\/wp\/v2\/pages\/68\/revisions"}],"predecessor-version":[{"id":274,"href":"https:\/\/asterisk.ffzg.unizg.hr\/index.php?rest_route=\/wp\/v2\/pages\/68\/revisions\/274"}],"wp:attachment":[{"href":"https:\/\/asterisk.ffzg.unizg.hr\/index.php?rest_route=%2Fwp%2Fv2%2Fmedia&parent=68"}],"curies":[{"name":"wp","href":"https:\/\/api.w.org\/{rel}","templated":true}]}}