{"id":64,"date":"2017-05-18T18:52:11","date_gmt":"2017-05-18T17:52:11","guid":{"rendered":"http:\/\/asterisk.ffzg.unizg.hr\/?page_id=64"},"modified":"2017-05-18T22:21:17","modified_gmt":"2017-05-18T21:21:17","slug":"lingchat","status":"publish","type":"page","link":"https:\/\/asterisk.ffzg.unizg.hr\/?page_id=64","title":{"rendered":"LingChat"},"content":{"rendered":"<p style=\"text-align: justify;\"><strong>LingChat<\/strong> (skra\u0107eno za lingvisti\u010dki \u010detvrtak) naziv je za jednu od glavnih aktivnosti kojima se Klub \u00a0bavi. \u00a0U na\u0161oj voljenoj A-113 nalazimo se \u010detvrtkom jednom tjedno ili dvotjedno, nave\u010der oko 20 sati, a svaki put netko od nas izabire neki \u010dlanak, dokumentarac ili pak neku drugu temu koju bi \u017eelio podijeliti sa svojim kolegama. LingChat je neformalno dru\u017eenje, \u0161to zna\u010di da na\u0161a izlaganja nisu nimalo nalik izlaganjima na kolegijima, ve\u0107 \u010desto budu organizirana u obliku otvorene diskusije s moderatorom koji vodi razgovor kroz najzanimljivije aspekte izabrane teme. Prilika je to za sve, od bruco\u0161a lingvistike do studenata zadnjih godina, da nau\u010de ne\u0161to novo ili tek rasprave o nekoj temi kojom se u okviru studija lingvistike ne mo\u017eemo dublje pozabaviti.<\/p>\n<p style=\"text-align: justify;\">Do sada je podru\u010dje tema koje smo pokrili bilo iznimno \u0161iroko: slu\u0161ali smo o svemu, od tematskog bloka posve\u0107enog ksenolingvistici, preko forenzi\u010dke lingvistike i filozofije znanosti pa sve do specifi\u010dnosti arapskog i japanskog jezika, a jedan od najuspjelijih LingChatova bio je onaj posve\u0107en Deklaraciji o zajedni\u010dkom jeziku, oko koje se razvila \u017eustra rasprava.\u00a0 Ako vam se ove teme \u010dine zanimljivima ili pak nikada niste ni \u010duli za njih, do\u0111ite na neki sljede\u0107i LingChat kako biste nau\u010dili ne\u0161to novo ili razmijenili ideje s kolegama.<\/p>\n<p style=\"text-align: justify;\">LingChat je postojao i prije nego \u0161to je Klub studenata lingvistike nanovo osnovan 2016. god. te su ga vodile profesorice Gnjatovi\u0107, Katunar i Willer-Gold. Tada je to bila prilika za povezivanje profesora i zainteresiranih studenata, no kako je na\u017ealost s vremenom zamro, mi smo ga odlu\u010dili obnoviti u malo druga\u010dijem obliku. Zahvalni smo prvenstveno prof. Katunar \u0161to nas je pri osnivanju Kluba uputila kako je to prije izgledalo te na njenoj potpori pri ponovnom obnavljanju te aktivnosti Kluba.<\/p>\n<p style=\"text-align: justify;\">\u010clanovi Kluba, ali i svi ostali, bili studenti lingvistike ili nekog drugog smjera ili fakulteta, kao i bilo tko iz zainteresirane javnosti, a pogotovo na\u0161i profesori s Odsjeka, pozvani su sudjelovati na koji god na\u010din to \u017eele, bilo samo kao slu\u0161a\u010di ili i aktivno u izlaganjima i raspravi. Svaki novi sudionik je dobrodo\u0161ao!<\/p>\n","protected":false},"excerpt":{"rendered":"<p>LingChat (skra\u0107eno za lingvisti\u010dki \u010detvrtak) naziv je za jednu od glavnih aktivnosti kojima se Klub \u00a0bavi. \u00a0U na\u0161oj voljenoj A-113 nalazimo se \u010detvrtkom jednom tjedno ili dvotjedno, nave\u010der oko 20 sati, a svaki put netko od nas izabire neki \u010dlanak, dokumentarac ili pak neku drugu temu koju bi \u017eelio podijeliti sa svojim kolegama. LingChat je &hellip; <a href=\"https:\/\/asterisk.ffzg.unizg.hr\/?page_id=64\" class=\"more-link\">Nastavi \u010ditati <span class=\"screen-reader-text\">LingChat<\/span> <span class=\"meta-nav\">&rarr;<\/span><\/a><\/p>\n","protected":false},"author":2,"featured_media":0,"parent":0,"menu_order":0,"comment_status":"closed","ping_status":"closed","template":"","meta":{"_monsterinsights_skip_tracking":false,"_monsterinsights_sitenote_active":false,"_monsterinsights_sitenote_note":"","_monsterinsights_sitenote_category":0,"footnotes":""},"class_list":["post-64","page","type-page","status-publish","hentry"],"_links":{"self":[{"href":"https:\/\/asterisk.ffzg.unizg.hr\/index.php?rest_route=\/wp\/v2\/pages\/64","targetHints":{"allow":["GET"]}}],"collection":[{"href":"https:\/\/asterisk.ffzg.unizg.hr\/index.php?rest_route=\/wp\/v2\/pages"}],"about":[{"href":"https:\/\/asterisk.ffzg.unizg.hr\/index.php?rest_route=\/wp\/v2\/types\/page"}],"author":[{"embeddable":true,"href":"https:\/\/asterisk.ffzg.unizg.hr\/index.php?rest_route=\/wp\/v2\/users\/2"}],"replies":[{"embeddable":true,"href":"https:\/\/asterisk.ffzg.unizg.hr\/index.php?rest_route=%2Fwp%2Fv2%2Fcomments&post=64"}],"version-history":[{"count":3,"href":"https:\/\/asterisk.ffzg.unizg.hr\/index.php?rest_route=\/wp\/v2\/pages\/64\/revisions"}],"predecessor-version":[{"id":105,"href":"https:\/\/asterisk.ffzg.unizg.hr\/index.php?rest_route=\/wp\/v2\/pages\/64\/revisions\/105"}],"wp:attachment":[{"href":"https:\/\/asterisk.ffzg.unizg.hr\/index.php?rest_route=%2Fwp%2Fv2%2Fmedia&parent=64"}],"curies":[{"name":"wp","href":"https:\/\/api.w.org\/{rel}","templated":true}]}}