{"id":58,"date":"2017-05-18T18:48:32","date_gmt":"2017-05-18T17:48:32","guid":{"rendered":"http:\/\/asterisk.ffzg.unizg.hr\/?page_id=58"},"modified":"2025-11-19T14:45:06","modified_gmt":"2025-11-19T13:45:06","slug":"o-klubu","status":"publish","type":"page","link":"https:\/\/asterisk.ffzg.unizg.hr\/?page_id=58","title":{"rendered":"O Klubu"},"content":{"rendered":"<p style=\"text-align: justify;\"><strong>Klub studenata lingvistike (KSL) Asterisk<\/strong> nastavak je na dugu tradiciju Kluba studenata op\u0107e lingvistike <em>SOL<\/em> koji je osnovan jo\u0161 1985. godine. Kako je djelovanje Kluba zamrlo na neko vrijeme, a op\u0107a lingvistika sad postoji samo kao jedan od diplomskih smjerova na studiju lingvistike, nekolicina studenata odlu\u010dila se za o\u017eivljavanje kluba pod novim imenom \u2013 <em>Asterisk<\/em>.<\/p>\n<p style=\"text-align: justify;\">Klub je osnovan s ciljem promicanja interesa studenata lingvistike, promicanja lingvistike kao znanosti te posljedi\u010dno popularizaciji struke u \u0161irem akademskom krugu i hrvatskom dru\u0161tvu.<\/p>\n<p style=\"text-align: justify;\"><span style=\"text-decoration: underline;\">Predsjednik<\/span>: Leo Anagnostakis<br \/>\n<span style=\"text-decoration: underline;\">Dopredsjednici<\/span>: Nika Broz, Tin Tihomir Er\u017ei\u0107<br \/>\n<span style=\"text-decoration: underline;\">Tajnik<\/span>: Baldo Petar Tutman<\/p>\n<p style=\"text-align: justify;\">Statut Kluba je dostupan\u00a0<a href=\"http:\/\/asterisk.ffzg.unizg.hr\/wp-content\/uploads\/2017\/05\/KSLA_Statut.pdf\">ovdje<\/a>.<\/p>\n","protected":false},"excerpt":{"rendered":"<p>Klub studenata lingvistike (KSL) Asterisk nastavak je na dugu tradiciju Kluba studenata op\u0107e lingvistike SOL koji je osnovan jo\u0161 1985. godine. Kako je djelovanje Kluba zamrlo na neko vrijeme, a op\u0107a lingvistika sad postoji samo kao jedan od diplomskih smjerova na studiju lingvistike, nekolicina studenata odlu\u010dila se za o\u017eivljavanje kluba pod novim imenom \u2013 Asterisk. &hellip; <a href=\"https:\/\/asterisk.ffzg.unizg.hr\/?page_id=58\" class=\"more-link\">Nastavi \u010ditati <span class=\"screen-reader-text\">O Klubu<\/span> <span class=\"meta-nav\">&rarr;<\/span><\/a><\/p>\n","protected":false},"author":2,"featured_media":0,"parent":0,"menu_order":0,"comment_status":"closed","ping_status":"closed","template":"","meta":{"_monsterinsights_skip_tracking":false,"_monsterinsights_sitenote_active":false,"_monsterinsights_sitenote_note":"","_monsterinsights_sitenote_category":0,"footnotes":""},"class_list":["post-58","page","type-page","status-publish","hentry"],"_links":{"self":[{"href":"https:\/\/asterisk.ffzg.unizg.hr\/index.php?rest_route=\/wp\/v2\/pages\/58","targetHints":{"allow":["GET"]}}],"collection":[{"href":"https:\/\/asterisk.ffzg.unizg.hr\/index.php?rest_route=\/wp\/v2\/pages"}],"about":[{"href":"https:\/\/asterisk.ffzg.unizg.hr\/index.php?rest_route=\/wp\/v2\/types\/page"}],"author":[{"embeddable":true,"href":"https:\/\/asterisk.ffzg.unizg.hr\/index.php?rest_route=\/wp\/v2\/users\/2"}],"replies":[{"embeddable":true,"href":"https:\/\/asterisk.ffzg.unizg.hr\/index.php?rest_route=%2Fwp%2Fv2%2Fcomments&post=58"}],"version-history":[{"count":18,"href":"https:\/\/asterisk.ffzg.unizg.hr\/index.php?rest_route=\/wp\/v2\/pages\/58\/revisions"}],"predecessor-version":[{"id":278,"href":"https:\/\/asterisk.ffzg.unizg.hr\/index.php?rest_route=\/wp\/v2\/pages\/58\/revisions\/278"}],"wp:attachment":[{"href":"https:\/\/asterisk.ffzg.unizg.hr\/index.php?rest_route=%2Fwp%2Fv2%2Fmedia&parent=58"}],"curies":[{"name":"wp","href":"https:\/\/api.w.org\/{rel}","templated":true}]}}