{"id":205,"date":"2018-02-24T23:04:49","date_gmt":"2018-02-24T22:04:49","guid":{"rendered":"http:\/\/asterisk.ffzg.unizg.hr\/?page_id=205"},"modified":"2018-05-06T14:23:47","modified_gmt":"2018-05-06T13:23:47","slug":"stulikon-2018","status":"publish","type":"page","link":"https:\/\/asterisk.ffzg.unizg.hr\/?page_id=205","title":{"rendered":"StuLiKon 2018."},"content":{"rendered":"<p><img loading=\"lazy\" decoding=\"async\" class=\"alignnone size-full wp-image-206\" src=\"http:\/\/asterisk.ffzg.unizg.hr\/wp-content\/uploads\/2018\/02\/stulikoncover.png\" alt=\"\" width=\"3250\" height=\"1236\" srcset=\"https:\/\/asterisk.ffzg.unizg.hr\/wp-content\/uploads\/2018\/02\/stulikoncover.png 3250w, https:\/\/asterisk.ffzg.unizg.hr\/wp-content\/uploads\/2018\/02\/stulikoncover-300x114.png 300w, https:\/\/asterisk.ffzg.unizg.hr\/wp-content\/uploads\/2018\/02\/stulikoncover-768x292.png 768w, https:\/\/asterisk.ffzg.unizg.hr\/wp-content\/uploads\/2018\/02\/stulikoncover-1024x389.png 1024w\" sizes=\"auto, (max-width: 3250px) 100vw, 3250px\" \/><\/p>\n<p>Pozivamo vas na ovogodi\u0161nji Stulikon (studentsku lingvisti\u010dku konferenciju) koji organizira Klub studenata lingvistike &#8211; Asterisk. Konferencija se odr\u017eava od 10. do 12. svibnja u konferencijskoj dvorani na drugom katu knji\u017enice Filozofskog fakulteta u Zagrebu. Uz 30 radova i preko 40 izlaga\u010da iz cijele regije &#8211; od Slovenije do Makedonije &#8211; ugostit \u0107emo i tri profesorice:<\/p>\n<ul>\n<li>Ida Raffaelli: &#8220;Model leksikalizacijskih obrazaca ili o jezi\u010dnom relativizmu ponovno&#8221;<\/li>\n<li>Klara Bili\u0107-Me\u0161tri<span class=\"text_exposed_show\">\u0107: &#8220;Izazovi sociolingvisti\u010dkih istra\u017eivanja u suvremenom kontekstu \u2013 Primjer prakse iz istra\u017eivanja etnojezi\u010dnog vitaliteta zadarskih Arbanasa&#8221;<\/span><\/li>\n<\/ul>\n<div class=\"text_exposed_show\">\n<ul>\n<li>Anita Peti-Stanti\u0107: &#8220;Potka i osnova: tkanje gramati\u010dnosti&#8221;.<\/li>\n<\/ul>\n<p>Tako\u0111er, u petak \u0107ete mo\u0107i poslu\u0161ati panel naziva &#8220;Lingvistika 22. stolje\u0107a&#8221; na kojem gostuju dr.sc. Ranko Matasovi\u0107, dr.sc. Danijela Katunar i dr.sc. Vlasta Erdeljac, gdje \u0107emo raspravljati o tome \u0161to nam sprema budu\u0107nost lingvistike.<\/p>\n<p>Teme izlaganja pokrivaju razne discipline unutar lingvistike, primjerice sociolingvistiku, analizu diskurza, korpusnu lingvistiku, poredbeno-povijesnu gramatiku, sintaksu, prozodiju i dr.<\/p>\n<p>Detaljan raspored za \u010detvrtak, petak i subotu mo\u017eete prona\u0107i na sljede\u0107oj poveznici:\u00a0<a href=\"http:\/\/asterisk.ffzg.unizg.hr\/wp-content\/uploads\/2018\/05\/Stulikon_2018_RASPORED.pdf\">Stulikon_2018_RASPORED<\/a><\/p>\n<p>Knji\u017eica sa\u017eetaka studentskih radova:\u00a0<a href=\"http:\/\/asterisk.ffzg.unizg.hr\/wp-content\/uploads\/2018\/05\/Stulikon_2018_SAZETCI.pdf\">Stulikon_2018_SAZETCI<\/a><\/p>\n<p>Veselimo se va\u0161em dolasku!<\/p>\n<\/div>\n","protected":false},"excerpt":{"rendered":"<p>Pozivamo vas na ovogodi\u0161nji Stulikon (studentsku lingvisti\u010dku konferenciju) koji organizira Klub studenata lingvistike &#8211; Asterisk. Konferencija se odr\u017eava od 10. do 12. svibnja u konferencijskoj dvorani na drugom katu knji\u017enice Filozofskog fakulteta u Zagrebu. Uz 30 radova i preko 40 izlaga\u010da iz cijele regije &#8211; od Slovenije do Makedonije &#8211; ugostit \u0107emo i tri profesorice: &hellip; <a href=\"https:\/\/asterisk.ffzg.unizg.hr\/?page_id=205\" class=\"more-link\">Nastavi \u010ditati <span class=\"screen-reader-text\">StuLiKon 2018.<\/span> <span class=\"meta-nav\">&rarr;<\/span><\/a><\/p>\n","protected":false},"author":2,"featured_media":0,"parent":0,"menu_order":0,"comment_status":"closed","ping_status":"closed","template":"","meta":{"_monsterinsights_skip_tracking":false,"_monsterinsights_sitenote_active":false,"_monsterinsights_sitenote_note":"","_monsterinsights_sitenote_category":0,"footnotes":""},"class_list":["post-205","page","type-page","status-publish","hentry"],"_links":{"self":[{"href":"https:\/\/asterisk.ffzg.unizg.hr\/index.php?rest_route=\/wp\/v2\/pages\/205","targetHints":{"allow":["GET"]}}],"collection":[{"href":"https:\/\/asterisk.ffzg.unizg.hr\/index.php?rest_route=\/wp\/v2\/pages"}],"about":[{"href":"https:\/\/asterisk.ffzg.unizg.hr\/index.php?rest_route=\/wp\/v2\/types\/page"}],"author":[{"embeddable":true,"href":"https:\/\/asterisk.ffzg.unizg.hr\/index.php?rest_route=\/wp\/v2\/users\/2"}],"replies":[{"embeddable":true,"href":"https:\/\/asterisk.ffzg.unizg.hr\/index.php?rest_route=%2Fwp%2Fv2%2Fcomments&post=205"}],"version-history":[{"count":6,"href":"https:\/\/asterisk.ffzg.unizg.hr\/index.php?rest_route=\/wp\/v2\/pages\/205\/revisions"}],"predecessor-version":[{"id":241,"href":"https:\/\/asterisk.ffzg.unizg.hr\/index.php?rest_route=\/wp\/v2\/pages\/205\/revisions\/241"}],"wp:attachment":[{"href":"https:\/\/asterisk.ffzg.unizg.hr\/index.php?rest_route=%2Fwp%2Fv2%2Fmedia&parent=205"}],"curies":[{"name":"wp","href":"https:\/\/api.w.org\/{rel}","templated":true}]}}